{"id":149551,"date":"2024-12-10T11:40:16","date_gmt":"2024-12-10T11:40:16","guid":{"rendered":"https:\/\/www.karlforsbergphoto.com\/jobb\/"},"modified":"2025-03-27T14:24:20","modified_gmt":"2025-03-27T14:24:20","slug":"jobb","status":"publish","type":"page","link":"https:\/\/www.karlforsbergphoto.com\/sv\/jobb\/","title":{"rendered":"Jobb"},"content":{"rendered":"<div class=\"wpb-content-wrapper\"><p>[vc_row row_height_percent=&#8221;0&#8243; override_padding=&#8221;yes&#8221; h_padding=&#8221;2&#8243; top_padding=&#8221;2&#8243; bottom_padding=&#8221;1&#8243; overlay_alpha=&#8221;50&#8243; equal_height=&#8221;yes&#8221; gutter_size=&#8221;3&#8243; column_width_percent=&#8221;100&#8243; shift_y=&#8221;0&#8243; z_index=&#8221;0&#8243; content_parallax=&#8221;0&#8243; uncode_shortcode_id=&#8221;391715&#8243;][vc_column column_width_percent=&#8221;100&#8243; align_horizontal=&#8221;align_center&#8221; gutter_size=&#8221;3&#8243; override_padding=&#8221;yes&#8221; column_padding=&#8221;2&#8243; overlay_alpha=&#8221;50&#8243; shift_x=&#8221;0&#8243; shift_y=&#8221;0&#8243; shift_y_down=&#8221;0&#8243; z_index=&#8221;0&#8243; medium_width=&#8221;0&#8243; mobile_width=&#8221;0&#8243; width=&#8221;1\/1&#8243; uncode_shortcode_id=&#8221;211346&#8243;][vc_row_inner row_inner_height_percent=&#8221;0&#8243; overlay_alpha=&#8221;50&#8243; gutter_size=&#8221;2&#8243; shift_y=&#8221;0&#8243; z_index=&#8221;0&#8243; limit_content=&#8221;&#8221; uncode_shortcode_id=&#8221;130227&#8243;][vc_column_inner column_width_percent=&#8221;91&#8243; gutter_size=&#8221;2&#8243; overlay_alpha=&#8221;50&#8243; shift_x=&#8221;0&#8243; shift_y=&#8221;0&#8243; shift_y_down=&#8221;0&#8243; z_index=&#8221;0&#8243; medium_width=&#8221;0&#8243; mobile_width=&#8221;0&#8243; width=&#8221;1\/2&#8243; uncode_shortcode_id=&#8221;154054&#8243;][vc_custom_heading heading_semantic=&#8221;h1&#8243; text_size=&#8221;h1&#8243; text_weight=&#8221;400&#8243; uncode_shortcode_id=&#8221;136303&#8243;]Utvalda arbeten[\/vc_custom_heading][\/vc_column_inner][vc_column_inner column_width_percent=&#8221;92&#8243; position_horizontal=&#8221;left&#8221; gutter_size=&#8221;2&#8243; overlay_alpha=&#8221;50&#8243; shift_x=&#8221;0&#8243; shift_y=&#8221;0&#8243; shift_y_down=&#8221;0&#8243; z_index=&#8221;0&#8243; medium_width=&#8221;0&#8243; mobile_width=&#8221;0&#8243; width=&#8221;1\/2&#8243; uncode_shortcode_id=&#8221;155462&#8243;][vc_custom_heading text_font=&#8221;font-555555&#8243; text_size=&#8221;h5&#8243; text_weight=&#8221;300&#8243; text_height=&#8221;fontheight-518786&#8243; uncode_shortcode_id=&#8221;928082&#8243;]Jag har genom \u00e5ren f\u00e5tt uppdrag av s\u00e5v\u00e4l privatpersoner som stora, multinationella f\u00f6retag \u2013 och allt d\u00e4remellan. Det jag har l\u00e4rt mig \u00e4r att det viktigaste inte \u00e4r vem man jobbar f\u00f6r, utan hur.[\/vc_custom_heading][vc_custom_heading text_font=&#8221;font-555555&#8243; text_size=&#8221;h5&#8243; text_weight=&#8221;300&#8243; text_height=&#8221;fontheight-518786&#8243; uncode_shortcode_id=&#8221;147623&#8243;]H\u00e4r kan du l\u00e4sa mer om hur jag arbetar.[\/vc_custom_heading][\/vc_column_inner][\/vc_row_inner][\/vc_column][\/vc_row][vc_row unlock_row_content=&#8221;yes&#8221; row_height_percent=&#8221;0&#8243; override_padding=&#8221;yes&#8221; h_padding=&#8221;3&#8243; top_padding=&#8221;3&#8243; bottom_padding=&#8221;2&#8243; overlay_alpha=&#8221;50&#8243; gutter_size=&#8221;2&#8243; column_width_percent=&#8221;100&#8243; shift_y=&#8221;0&#8243; z_index=&#8221;0&#8243; content_parallax=&#8221;0&#8243; uncode_shortcode_id=&#8221;281344&#8243;][vc_column column_width_percent=&#8221;100&#8243; gutter_size=&#8221;0&#8243; overlay_alpha=&#8221;50&#8243; shift_x=&#8221;0&#8243; shift_y=&#8221;0&#8243; shift_y_down=&#8221;0&#8243; z_index=&#8221;0&#8243; medium_width=&#8221;0&#8243; mobile_width=&#8221;0&#8243; width=&#8221;1\/1&#8243; uncode_shortcode_id=&#8221;947289&#8243;][vc_gallery el_id=&#8221;gallery-937115&#8243; isotope_mode=&#8221;fitRows&#8221; medias=&#8221;145676,145525,145883,145686,145905,109386,145681,145659,145835,145712,145725,145690,145638,145806,145704,145732,145859&#8243; filtering=&#8221;yes&#8221; filter_back_color=&#8221;color-xsdn&#8221; filtering_position=&#8221;center&#8221; filter_mobile=&#8221;yes&#8221; gutter_size=&#8221;3&#8243; media_items=&#8221;media|lightbox|original,title,caption&#8221; screen_lg=&#8221;1000&#8243; screen_md=&#8221;600&#8243; screen_sm=&#8221;480&#8243; images_size=&#8221;three-two&#8221; single_overlay_opacity=&#8221;50&#8243; single_image_magnetic=&#8221;yes&#8221; single_h_align=&#8221;center&#8221; single_padding=&#8221;1&#8243; single_title_family=&#8221;font-116472&#8243; single_title_dimension=&#8221;h4&#8243; single_icon=&#8221;fa fa-plus2&#8243; lbox_title=&#8221;yes&#8221; lbox_caption=&#8221;yes&#8221; lbox_deep=&#8221;yes&#8221; lbox_full=&#8221;yes&#8221; lbox_counter=&#8221;yes&#8221; custom_cursor=&#8221;diff&#8221; uncode_shortcode_id=&#8221;187894&#8243; filter_back_color_type=&#8221;uncode-palette&#8221;][\/vc_column][\/vc_row]<\/p>\n<\/div>","protected":false},"excerpt":{"rendered":"<p>[vc_row row_height_percent=&#8221;0&#8243; override_padding=&#8221;yes&#8221; h_padding=&#8221;2&#8243; top_padding=&#8221;2&#8243; bottom_padding=&#8221;1&#8243; overlay_alpha=&#8221;50&#8243; equal_height=&#8221;yes&#8221; gutter_size=&#8221;3&#8243; column_width_percent=&#8221;100&#8243; shift_y=&#8221;0&#8243; z_index=&#8221;0&#8243; content_parallax=&#8221;0&#8243; uncode_shortcode_id=&#8221;391715&#8243;][vc_column column_width_percent=&#8221;100&#8243; align_horizontal=&#8221;align_center&#8221; gutter_size=&#8221;3&#8243; override_padding=&#8221;yes&#8221; column_padding=&#8221;2&#8243; overlay_alpha=&#8221;50&#8243; [&hellip;]<\/p>\n","protected":false},"author":1,"featured_media":0,"parent":0,"menu_order":0,"comment_status":"closed","ping_status":"closed","template":"","meta":{"footnotes":""},"class_list":["post-149551","page","type-page","status-publish","hentry","page_category-portfolio-oversikt","page_category-creative-sv","page_category-fotografi"],"yoast_head":"<!-- This site is optimized with the Yoast SEO plugin v27.0 - https:\/\/yoast.com\/product\/yoast-seo-wordpress\/ -->\n<title>Jobb - Karl Forsberg Photography<\/title>\n<meta name=\"robots\" content=\"index, follow, max-snippet:-1, max-image-preview:large, max-video-preview:-1\" \/>\n<link rel=\"canonical\" href=\"https:\/\/www.karlforsbergphoto.com\/sv\/jobb\/\" \/>\n<meta property=\"og:locale\" content=\"sv_SE\" \/>\n<meta property=\"og:type\" content=\"article\" \/>\n<meta property=\"og:title\" content=\"Jobb - Karl Forsberg Photography\" \/>\n<meta property=\"og:description\" content=\"[vc_row row_height_percent=&#8221;0&#8243; override_padding=&#8221;yes&#8221; h_padding=&#8221;2&#8243; top_padding=&#8221;2&#8243; bottom_padding=&#8221;1&#8243; overlay_alpha=&#8221;50&#8243; equal_height=&#8221;yes&#8221; gutter_size=&#8221;3&#8243; column_width_percent=&#8221;100&#8243; shift_y=&#8221;0&#8243; z_index=&#8221;0&#8243; content_parallax=&#8221;0&#8243; uncode_shortcode_id=&#8221;391715&#8243;][vc_column column_width_percent=&#8221;100&#8243; align_horizontal=&#8221;align_center&#8221; gutter_size=&#8221;3&#8243; override_padding=&#8221;yes&#8221; column_padding=&#8221;2&#8243; overlay_alpha=&#8221;50&#8243; [&hellip;]\" \/>\n<meta property=\"og:url\" content=\"https:\/\/www.karlforsbergphoto.com\/sv\/jobb\/\" \/>\n<meta property=\"og:site_name\" content=\"Karl Forsberg Photography\" \/>\n<meta property=\"article:modified_time\" content=\"2025-03-27T14:24:20+00:00\" \/>\n<meta name=\"twitter:card\" content=\"summary_large_image\" \/>\n<meta name=\"twitter:label1\" content=\"Ber\u00e4knad l\u00e4stid\" \/>\n\t<meta name=\"twitter:data1\" content=\"2 minuter\" \/>\n<script type=\"application\/ld+json\" class=\"yoast-schema-graph\">{\"@context\":\"https:\/\/schema.org\",\"@graph\":[{\"@type\":\"WebPage\",\"@id\":\"https:\/\/www.karlforsbergphoto.com\/sv\/jobb\/\",\"url\":\"https:\/\/www.karlforsbergphoto.com\/sv\/jobb\/\",\"name\":\"Jobb - Karl Forsberg Photography\",\"isPartOf\":{\"@id\":\"https:\/\/www.karlforsbergphoto.com\/sv\/#website\"},\"datePublished\":\"2024-12-10T11:40:16+00:00\",\"dateModified\":\"2025-03-27T14:24:20+00:00\",\"breadcrumb\":{\"@id\":\"https:\/\/www.karlforsbergphoto.com\/sv\/jobb\/#breadcrumb\"},\"inLanguage\":\"sv-SE\",\"potentialAction\":[{\"@type\":\"ReadAction\",\"target\":[\"https:\/\/www.karlforsbergphoto.com\/sv\/jobb\/\"]}]},{\"@type\":\"BreadcrumbList\",\"@id\":\"https:\/\/www.karlforsbergphoto.com\/sv\/jobb\/#breadcrumb\",\"itemListElement\":[{\"@type\":\"ListItem\",\"position\":1,\"name\":\"Home\",\"item\":\"https:\/\/www.karlforsbergphoto.com\/sv\/start\/\"},{\"@type\":\"ListItem\",\"position\":2,\"name\":\"Jobb\"}]},{\"@type\":\"WebSite\",\"@id\":\"https:\/\/www.karlforsbergphoto.com\/sv\/#website\",\"url\":\"https:\/\/www.karlforsbergphoto.com\/sv\/\",\"name\":\"Karl Forsberg Photography\",\"description\":\"Portr\u00e4tt-, f\u00f6retags- och lifestyle-fotograf\",\"publisher\":{\"@id\":\"https:\/\/www.karlforsbergphoto.com\/sv\/#organization\"},\"potentialAction\":[{\"@type\":\"SearchAction\",\"target\":{\"@type\":\"EntryPoint\",\"urlTemplate\":\"https:\/\/www.karlforsbergphoto.com\/sv\/?s={search_term_string}\"},\"query-input\":{\"@type\":\"PropertyValueSpecification\",\"valueRequired\":true,\"valueName\":\"search_term_string\"}}],\"inLanguage\":\"sv-SE\"},{\"@type\":\"Organization\",\"@id\":\"https:\/\/www.karlforsbergphoto.com\/sv\/#organization\",\"name\":\"Karl Forsberg Photography\",\"url\":\"https:\/\/www.karlforsbergphoto.com\/sv\/\",\"logo\":{\"@type\":\"ImageObject\",\"inLanguage\":\"sv-SE\",\"@id\":\"https:\/\/www.karlforsbergphoto.com\/sv\/#\/schema\/logo\/image\/\",\"url\":\"https:\/\/www.karlforsberg.se\/wp-content\/uploads\/2025\/01\/web-app-manifest-512x512-1.png\",\"contentUrl\":\"https:\/\/www.karlforsberg.se\/wp-content\/uploads\/2025\/01\/web-app-manifest-512x512-1.png\",\"width\":512,\"height\":512,\"caption\":\"Karl Forsberg Photography\"},\"image\":{\"@id\":\"https:\/\/www.karlforsbergphoto.com\/sv\/#\/schema\/logo\/image\/\"},\"sameAs\":[\"https:\/\/www.instagram.com\/karlforsberg\/\"]}]}<\/script>\n<!-- \/ Yoast SEO plugin. -->","yoast_head_json":{"title":"Jobb - Karl Forsberg Photography","robots":{"index":"index","follow":"follow","max-snippet":"max-snippet:-1","max-image-preview":"max-image-preview:large","max-video-preview":"max-video-preview:-1"},"canonical":"https:\/\/www.karlforsbergphoto.com\/sv\/jobb\/","og_locale":"sv_SE","og_type":"article","og_title":"Jobb - Karl Forsberg Photography","og_description":"[vc_row row_height_percent=&#8221;0&#8243; override_padding=&#8221;yes&#8221; h_padding=&#8221;2&#8243; top_padding=&#8221;2&#8243; bottom_padding=&#8221;1&#8243; overlay_alpha=&#8221;50&#8243; equal_height=&#8221;yes&#8221; gutter_size=&#8221;3&#8243; column_width_percent=&#8221;100&#8243; shift_y=&#8221;0&#8243; z_index=&#8221;0&#8243; content_parallax=&#8221;0&#8243; uncode_shortcode_id=&#8221;391715&#8243;][vc_column column_width_percent=&#8221;100&#8243; align_horizontal=&#8221;align_center&#8221; gutter_size=&#8221;3&#8243; override_padding=&#8221;yes&#8221; column_padding=&#8221;2&#8243; overlay_alpha=&#8221;50&#8243; [&hellip;]","og_url":"https:\/\/www.karlforsbergphoto.com\/sv\/jobb\/","og_site_name":"Karl Forsberg Photography","article_modified_time":"2025-03-27T14:24:20+00:00","twitter_card":"summary_large_image","twitter_misc":{"Ber\u00e4knad l\u00e4stid":"2 minuter"},"schema":{"@context":"https:\/\/schema.org","@graph":[{"@type":"WebPage","@id":"https:\/\/www.karlforsbergphoto.com\/sv\/jobb\/","url":"https:\/\/www.karlforsbergphoto.com\/sv\/jobb\/","name":"Jobb - Karl Forsberg Photography","isPartOf":{"@id":"https:\/\/www.karlforsbergphoto.com\/sv\/#website"},"datePublished":"2024-12-10T11:40:16+00:00","dateModified":"2025-03-27T14:24:20+00:00","breadcrumb":{"@id":"https:\/\/www.karlforsbergphoto.com\/sv\/jobb\/#breadcrumb"},"inLanguage":"sv-SE","potentialAction":[{"@type":"ReadAction","target":["https:\/\/www.karlforsbergphoto.com\/sv\/jobb\/"]}]},{"@type":"BreadcrumbList","@id":"https:\/\/www.karlforsbergphoto.com\/sv\/jobb\/#breadcrumb","itemListElement":[{"@type":"ListItem","position":1,"name":"Home","item":"https:\/\/www.karlforsbergphoto.com\/sv\/start\/"},{"@type":"ListItem","position":2,"name":"Jobb"}]},{"@type":"WebSite","@id":"https:\/\/www.karlforsbergphoto.com\/sv\/#website","url":"https:\/\/www.karlforsbergphoto.com\/sv\/","name":"Karl Forsberg Photography","description":"Portr\u00e4tt-, f\u00f6retags- och lifestyle-fotograf","publisher":{"@id":"https:\/\/www.karlforsbergphoto.com\/sv\/#organization"},"potentialAction":[{"@type":"SearchAction","target":{"@type":"EntryPoint","urlTemplate":"https:\/\/www.karlforsbergphoto.com\/sv\/?s={search_term_string}"},"query-input":{"@type":"PropertyValueSpecification","valueRequired":true,"valueName":"search_term_string"}}],"inLanguage":"sv-SE"},{"@type":"Organization","@id":"https:\/\/www.karlforsbergphoto.com\/sv\/#organization","name":"Karl Forsberg Photography","url":"https:\/\/www.karlforsbergphoto.com\/sv\/","logo":{"@type":"ImageObject","inLanguage":"sv-SE","@id":"https:\/\/www.karlforsbergphoto.com\/sv\/#\/schema\/logo\/image\/","url":"https:\/\/www.karlforsberg.se\/wp-content\/uploads\/2025\/01\/web-app-manifest-512x512-1.png","contentUrl":"https:\/\/www.karlforsberg.se\/wp-content\/uploads\/2025\/01\/web-app-manifest-512x512-1.png","width":512,"height":512,"caption":"Karl Forsberg Photography"},"image":{"@id":"https:\/\/www.karlforsbergphoto.com\/sv\/#\/schema\/logo\/image\/"},"sameAs":["https:\/\/www.instagram.com\/karlforsberg\/"]}]}},"_links":{"self":[{"href":"https:\/\/www.karlforsbergphoto.com\/sv\/wp-json\/wp\/v2\/pages\/149551","targetHints":{"allow":["GET"]}}],"collection":[{"href":"https:\/\/www.karlforsbergphoto.com\/sv\/wp-json\/wp\/v2\/pages"}],"about":[{"href":"https:\/\/www.karlforsbergphoto.com\/sv\/wp-json\/wp\/v2\/types\/page"}],"author":[{"embeddable":true,"href":"https:\/\/www.karlforsbergphoto.com\/sv\/wp-json\/wp\/v2\/users\/1"}],"replies":[{"embeddable":true,"href":"https:\/\/www.karlforsbergphoto.com\/sv\/wp-json\/wp\/v2\/comments?post=149551"}],"version-history":[{"count":1,"href":"https:\/\/www.karlforsbergphoto.com\/sv\/wp-json\/wp\/v2\/pages\/149551\/revisions"}],"predecessor-version":[{"id":149552,"href":"https:\/\/www.karlforsbergphoto.com\/sv\/wp-json\/wp\/v2\/pages\/149551\/revisions\/149552"}],"wp:attachment":[{"href":"https:\/\/www.karlforsbergphoto.com\/sv\/wp-json\/wp\/v2\/media?parent=149551"}],"curies":[{"name":"wp","href":"https:\/\/api.w.org\/{rel}","templated":true}]}}